{"id":620,"date":"2023-08-29T14:16:29","date_gmt":"2023-08-29T14:16:29","guid":{"rendered":"https:\/\/www.layerforged.com\/?post_type=product&#038;p=620"},"modified":"2024-02-20T23:48:56","modified_gmt":"2024-02-20T23:48:56","slug":"shadow-demon-28-32mm-stl","status":"publish","type":"product","link":"https:\/\/www.layerforged.com\/index.php\/producto\/shadow-demon-28-32mm-stl\/","title":{"rendered":"Shadow Demon (28-32mm.) (STL Descargable)"},"content":{"rendered":"<p>Para cuando quieras darte cuenta, mi querido h\u00e9roe, de que aquella nube de humo negro que te acecha en la oscuridad es, en realidad, un Demonio de las sombras (Shadow Demon), quiz\u00e1s sea, \u00a1ay!, demasiado tarde.<\/p>\n<p><strong>Print it yourself!<\/strong><\/p>\n<p>Included in this file:<\/p>\n<p>2 models (1 supported, 1 unsupported):<br \/>\n-Shadow Demon (Supported and unsupported STL files).<\/p>\n<p>The supports were made in Chitubox and are the same used in our store to print this models.<\/p>\n<p>\u00bfQu\u00e9 incluye este producto?<\/p>\n<p>2 modelos 3D (1 con soporte, 1 sin soporte):<br \/>\n-Demonio de las sombras<\/p>\n<p>Los soportes se han hecho con el programa Chitubox y son los mismos que utilizamos para la versi\u00f3n impresa de nuestra tienda.<\/p>\n<p>Apropiado para juegos de fantas\u00eda como Dungeons and Dragons (DND), Pathfinder, Heroquest y similares.<\/p>\n<p>\u00bfQuieres la versi\u00f3n pintada, lista para jugar nada m\u00e1s sacarla de la caja? \u00a1Aqu\u00ed la tienes!:<br \/>\n<a href=\"https:\/\/www.layerforged.com\/index.php\/producto\/shadow-demon-28-32mm-version-pintada\/\">https:\/\/www.layerforged.com\/index.php\/producto\/shadow-demon-28-32mm-version-pintada\/<\/a><\/p>\n<p>Especificaciones t\u00e9cnicas:<br \/>\nAltura: 9 cm.<br \/>\nMaterial: Resina ABS-Like*, pudiendo ser esta de color gris o beige.<\/p>\n<p>*Los tonos de gris de la resina pueden variar respecto a la imagen del producto dependiendo de la marca de la resina, pero siempre se imprime la miniatura maciza, con resina ABS-Like de la m\u00e1s alta calidad.<\/p>\n<p>**El dado de la imagen no est\u00e1 incluido en el producto, se muestra como referencia de tama\u00f1o.<\/p>\n<p><strong>Terms and Conditions<\/strong><\/p>\n<p>You may only use the content provided by me for personal use, and you are not allowed to distribute or sell the files nor the prints.<br \/>\nYou can&#8217;t edit the STL&#8217;s or use portions of them to create new Content.<br \/>\nYou can cut\/resize the files to fit better your printer but you can&#8217;t share those derivatives.<br \/>\nYou can&#8217;t make cast\/molds of my models, any kind of mass production is prohibited.<br \/>\nThe files cannot be used in any other project or crowdfunding platform.<\/p>\n<p><strong>Condiciones legales<\/strong><\/p>\n<p>Archivos s\u00f3lo v\u00e1lidos para uso personal, quedando prohibida su venta o distribuci\u00f3n.<br \/>\nEl usuario no puede alterar o usar partes del producto para crear nuevo contenido.<br \/>\nEl usuario puede trocear o cambiar el tama\u00f1o de impresi\u00f3n, pero no puede compartir o vender estos archivos derivados del original.<br \/>\nNo se pueden crear moldes o cualquier tipo de producci\u00f3n o venta.<br \/>\nLos archivos no pueden usarse en ning\u00fan proyecto ni plataforma de crowdfunding.<\/p>\n","protected":false},"excerpt":{"rendered":"<p>Para cuando quieras darte cuenta, mi querido h\u00e9roe, de que aquella nube de humo negro que te acecha en la oscuridad es, en realidad, un Demonio de las sombras (Shadow Demon), quiz\u00e1s sea, \u00a1ay!, demasiado tarde.<\/p>\n<p><strong>Print it yourself!<\/strong><\/p>\n<p>Included in this file:<\/p>\n<p>2 models (1 supported, 1 unsupported):<br \/>\n-Shadow Demon (Supported and unsupported STL files).<\/p>\n<p>The supports were made in Chitubox and are the same used in our store to print this models.<\/p>\n<p>\u00bfQu\u00e9 incluye este producto?<\/p>\n<p>2 modelos 3D (1 con soporte, 1 sin soporte):<br \/>\n-Demonio de las sombras<\/p>\n<p>Los soportes se han hecho con el programa Chitubox y son los mismos que utilizamos para la versi\u00f3n impresa de nuestra tienda.<\/p>\n<p>Apropiado para juegos de fantas\u00eda como Dungeons and Dragons (DND), Pathfinder, Heroquest y similares.<\/p>\n<p>\u00bfQuieres la versi\u00f3n pintada, lista para jugar nada m\u00e1s sacarla de la caja? \u00a1Aqu\u00ed la tienes!:<br \/>\n<a href=\"https:\/\/www.layerforged.com\/index.php\/producto\/shadow-demon-28-32mm-version-pintada\/\">https:\/\/www.layerforged.com\/index.php\/producto\/shadow-demon-28-32mm-version-pintada\/<\/a><\/p>\n<p>Especificaciones t\u00e9cnicas:<br \/>\nAltura: 9 cm.<br \/>\nMaterial: Resina ABS-Like*, pudiendo ser esta de color gris o beige.<\/p>\n<p>*Los tonos de gris de la resina pueden variar respecto a la imagen del producto dependiendo de la marca de la resina, pero siempre se imprime la miniatura maciza, con resina ABS-Like de la m\u00e1s alta calidad.<\/p>\n<p>**El dado de la imagen no est\u00e1 incluido en el producto, se muestra como referencia de tama\u00f1o.<\/p>\n","protected":false},"featured_media":621,"comment_status":"open","ping_status":"closed","template":"","meta":[],"product_cat":[21,30,33],"product_tag":[],"yoast_head":"<!-- This site is optimized with the Yoast SEO plugin v20.2.1 - https:\/\/yoast.com\/wordpress\/plugins\/seo\/ -->\n<title>Shadow Demon (28-32mm.) (STL Descargable) Layerforged<\/title>\n<meta name=\"description\" content=\"Shadow Demon (28-32mm.), miniatura de Demonio de las sombras para dnd (dungeons and dragons), Pathfinder, Heroquest y similares.\" \/>\n<meta name=\"robots\" content=\"index, follow, max-snippet:-1, max-image-preview:large, max-video-preview:-1\" \/>\n<link rel=\"canonical\" href=\"https:\/\/www.layerforged.com\/index.php\/producto\/shadow-demon-28-32mm-stl\/\" \/>\n<meta property=\"og:locale\" content=\"es_ES\" \/>\n<meta property=\"og:type\" content=\"article\" \/>\n<meta property=\"og:title\" content=\"Shadow Demon (28-32mm.) (STL Descargable) Layerforged\" \/>\n<meta property=\"og:description\" content=\"Shadow Demon (28-32mm.), miniatura de Demonio de las sombras para dnd (dungeons and dragons), Pathfinder, Heroquest y similares.\" \/>\n<meta property=\"og:url\" content=\"https:\/\/www.layerforged.com\/index.php\/producto\/shadow-demon-28-32mm-stl\/\" \/>\n<meta property=\"og:site_name\" content=\"Layerforged - Miniaturas 3d impresas en resina\" \/>\n<meta property=\"article:publisher\" content=\"https:\/\/www.facebook.com\/layerforged\" \/>\n<meta property=\"article:modified_time\" content=\"2024-02-20T23:48:56+00:00\" \/>\n<meta property=\"og:image\" content=\"https:\/\/www.layerforged.com\/wp-content\/uploads\/2023\/08\/stl_file.jpg\" \/>\n\t<meta property=\"og:image:width\" content=\"1280\" \/>\n\t<meta property=\"og:image:height\" content=\"1280\" \/>\n\t<meta property=\"og:image:type\" content=\"image\/jpeg\" \/>\n<meta name=\"twitter:card\" content=\"summary_large_image\" \/>\n<meta name=\"twitter:site\" content=\"@ForgedLayer\" \/>\n<meta name=\"twitter:label1\" content=\"Tiempo de lectura\" \/>\n\t<meta name=\"twitter:data1\" content=\"2 minutos\" \/>\n<script type=\"application\/ld+json\" class=\"yoast-schema-graph\">{\"@context\":\"https:\/\/schema.org\",\"@graph\":[{\"@type\":\"WebPage\",\"@id\":\"https:\/\/www.layerforged.com\/index.php\/producto\/shadow-demon-28-32mm-stl\/\",\"url\":\"https:\/\/www.layerforged.com\/index.php\/producto\/shadow-demon-28-32mm-stl\/\",\"name\":\"Shadow Demon (28-32mm.) (STL Descargable) Layerforged\",\"isPartOf\":{\"@id\":\"https:\/\/www.layerforged.com\/#website\"},\"datePublished\":\"2023-08-29T14:16:29+00:00\",\"dateModified\":\"2024-02-20T23:48:56+00:00\",\"description\":\"Shadow Demon (28-32mm.), miniatura de Demonio de las sombras para dnd (dungeons and dragons), Pathfinder, Heroquest y similares.\",\"breadcrumb\":{\"@id\":\"https:\/\/www.layerforged.com\/index.php\/producto\/shadow-demon-28-32mm-stl\/#breadcrumb\"},\"inLanguage\":\"es\",\"potentialAction\":[{\"@type\":\"ReadAction\",\"target\":[\"https:\/\/www.layerforged.com\/index.php\/producto\/shadow-demon-28-32mm-stl\/\"]}]},{\"@type\":\"BreadcrumbList\",\"@id\":\"https:\/\/www.layerforged.com\/index.php\/producto\/shadow-demon-28-32mm-stl\/#breadcrumb\",\"itemListElement\":[{\"@type\":\"ListItem\",\"position\":1,\"name\":\"Portada\",\"item\":\"https:\/\/www.layerforged.com\/\"},{\"@type\":\"ListItem\",\"position\":2,\"name\":\"Tienda\",\"item\":\"https:\/\/www.layerforged.com\/\"},{\"@type\":\"ListItem\",\"position\":3,\"name\":\"Shadow Demon (28-32mm.) (STL Descargable)\"}]},{\"@type\":\"WebSite\",\"@id\":\"https:\/\/www.layerforged.com\/#website\",\"url\":\"https:\/\/www.layerforged.com\/\",\"name\":\"Layerforged - Miniaturas 3d impresas en resina\",\"description\":\"Tienda de miniaturas para D&amp;D (Dungeons and Dragons), Pathfinder y otros juegos de fantas\u00eda.\",\"publisher\":{\"@id\":\"https:\/\/www.layerforged.com\/#organization\"},\"potentialAction\":[{\"@type\":\"SearchAction\",\"target\":{\"@type\":\"EntryPoint\",\"urlTemplate\":\"https:\/\/www.layerforged.com\/?s={search_term_string}\"},\"query-input\":\"required name=search_term_string\"}],\"inLanguage\":\"es\"},{\"@type\":\"Organization\",\"@id\":\"https:\/\/www.layerforged.com\/#organization\",\"name\":\"Layerforged - Miniaturas 3d impresas en resina\",\"url\":\"https:\/\/www.layerforged.com\/\",\"logo\":{\"@type\":\"ImageObject\",\"inLanguage\":\"es\",\"@id\":\"https:\/\/www.layerforged.com\/#\/schema\/logo\/image\/\",\"url\":\"https:\/\/www.layerforged.com\/wp-content\/uploads\/2022\/06\/cropped-logo-layer.jpg\",\"contentUrl\":\"https:\/\/www.layerforged.com\/wp-content\/uploads\/2022\/06\/cropped-logo-layer.jpg\",\"width\":1240,\"height\":653,\"caption\":\"Layerforged - Miniaturas 3d impresas en resina\"},\"image\":{\"@id\":\"https:\/\/www.layerforged.com\/#\/schema\/logo\/image\/\"},\"sameAs\":[\"https:\/\/www.facebook.com\/layerforged\",\"https:\/\/twitter.com\/ForgedLayer\",\"https:\/\/www.instagram.com\/layerforged\/\",\"https:\/\/www.tiktok.com\/@layerforged\"]}]}<\/script>\n<!-- \/ Yoast SEO plugin. -->","yoast_head_json":{"title":"Shadow Demon (28-32mm.) (STL Descargable) Layerforged","description":"Shadow Demon (28-32mm.), miniatura de Demonio de las sombras para dnd (dungeons and dragons), Pathfinder, Heroquest y similares.","robots":{"index":"index","follow":"follow","max-snippet":"max-snippet:-1","max-image-preview":"max-image-preview:large","max-video-preview":"max-video-preview:-1"},"canonical":"https:\/\/www.layerforged.com\/index.php\/producto\/shadow-demon-28-32mm-stl\/","og_locale":"es_ES","og_type":"article","og_title":"Shadow Demon (28-32mm.) (STL Descargable) Layerforged","og_description":"Shadow Demon (28-32mm.), miniatura de Demonio de las sombras para dnd (dungeons and dragons), Pathfinder, Heroquest y similares.","og_url":"https:\/\/www.layerforged.com\/index.php\/producto\/shadow-demon-28-32mm-stl\/","og_site_name":"Layerforged - Miniaturas 3d impresas en resina","article_publisher":"https:\/\/www.facebook.com\/layerforged","article_modified_time":"2024-02-20T23:48:56+00:00","og_image":[{"width":1280,"height":1280,"url":"https:\/\/www.layerforged.com\/wp-content\/uploads\/2023\/08\/stl_file.jpg","type":"image\/jpeg"}],"twitter_card":"summary_large_image","twitter_site":"@ForgedLayer","twitter_misc":{"Tiempo de lectura":"2 minutos"},"schema":{"@context":"https:\/\/schema.org","@graph":[{"@type":"WebPage","@id":"https:\/\/www.layerforged.com\/index.php\/producto\/shadow-demon-28-32mm-stl\/","url":"https:\/\/www.layerforged.com\/index.php\/producto\/shadow-demon-28-32mm-stl\/","name":"Shadow Demon (28-32mm.) (STL Descargable) Layerforged","isPartOf":{"@id":"https:\/\/www.layerforged.com\/#website"},"datePublished":"2023-08-29T14:16:29+00:00","dateModified":"2024-02-20T23:48:56+00:00","description":"Shadow Demon (28-32mm.), miniatura de Demonio de las sombras para dnd (dungeons and dragons), Pathfinder, Heroquest y similares.","breadcrumb":{"@id":"https:\/\/www.layerforged.com\/index.php\/producto\/shadow-demon-28-32mm-stl\/#breadcrumb"},"inLanguage":"es","potentialAction":[{"@type":"ReadAction","target":["https:\/\/www.layerforged.com\/index.php\/producto\/shadow-demon-28-32mm-stl\/"]}]},{"@type":"BreadcrumbList","@id":"https:\/\/www.layerforged.com\/index.php\/producto\/shadow-demon-28-32mm-stl\/#breadcrumb","itemListElement":[{"@type":"ListItem","position":1,"name":"Portada","item":"https:\/\/www.layerforged.com\/"},{"@type":"ListItem","position":2,"name":"Tienda","item":"https:\/\/www.layerforged.com\/"},{"@type":"ListItem","position":3,"name":"Shadow Demon (28-32mm.) (STL Descargable)"}]},{"@type":"WebSite","@id":"https:\/\/www.layerforged.com\/#website","url":"https:\/\/www.layerforged.com\/","name":"Layerforged - Miniaturas 3d impresas en resina","description":"Tienda de miniaturas para D&amp;D (Dungeons and Dragons), Pathfinder y otros juegos de fantas\u00eda.","publisher":{"@id":"https:\/\/www.layerforged.com\/#organization"},"potentialAction":[{"@type":"SearchAction","target":{"@type":"EntryPoint","urlTemplate":"https:\/\/www.layerforged.com\/?s={search_term_string}"},"query-input":"required name=search_term_string"}],"inLanguage":"es"},{"@type":"Organization","@id":"https:\/\/www.layerforged.com\/#organization","name":"Layerforged - Miniaturas 3d impresas en resina","url":"https:\/\/www.layerforged.com\/","logo":{"@type":"ImageObject","inLanguage":"es","@id":"https:\/\/www.layerforged.com\/#\/schema\/logo\/image\/","url":"https:\/\/www.layerforged.com\/wp-content\/uploads\/2022\/06\/cropped-logo-layer.jpg","contentUrl":"https:\/\/www.layerforged.com\/wp-content\/uploads\/2022\/06\/cropped-logo-layer.jpg","width":1240,"height":653,"caption":"Layerforged - Miniaturas 3d impresas en resina"},"image":{"@id":"https:\/\/www.layerforged.com\/#\/schema\/logo\/image\/"},"sameAs":["https:\/\/www.facebook.com\/layerforged","https:\/\/twitter.com\/ForgedLayer","https:\/\/www.instagram.com\/layerforged\/","https:\/\/www.tiktok.com\/@layerforged"]}]}},"_links":{"self":[{"href":"https:\/\/www.layerforged.com\/index.php\/wp-json\/wp\/v2\/product\/620"}],"collection":[{"href":"https:\/\/www.layerforged.com\/index.php\/wp-json\/wp\/v2\/product"}],"about":[{"href":"https:\/\/www.layerforged.com\/index.php\/wp-json\/wp\/v2\/types\/product"}],"replies":[{"embeddable":true,"href":"https:\/\/www.layerforged.com\/index.php\/wp-json\/wp\/v2\/comments?post=620"}],"wp:featuredmedia":[{"embeddable":true,"href":"https:\/\/www.layerforged.com\/index.php\/wp-json\/wp\/v2\/media\/621"}],"wp:attachment":[{"href":"https:\/\/www.layerforged.com\/index.php\/wp-json\/wp\/v2\/media?parent=620"}],"wp:term":[{"taxonomy":"product_cat","embeddable":true,"href":"https:\/\/www.layerforged.com\/index.php\/wp-json\/wp\/v2\/product_cat?post=620"},{"taxonomy":"product_tag","embeddable":true,"href":"https:\/\/www.layerforged.com\/index.php\/wp-json\/wp\/v2\/product_tag?post=620"}],"curies":[{"name":"wp","href":"https:\/\/api.w.org\/{rel}","templated":true}]}}