{"id":297,"date":"2023-03-07T18:36:48","date_gmt":"2023-03-07T18:36:48","guid":{"rendered":"http:\/\/layerforged.com\/?post_type=product&#038;p=297"},"modified":"2023-03-08T15:51:30","modified_gmt":"2023-03-08T15:51:30","slug":"hombre-lobo-werewolf-28-mm","status":"publish","type":"product","link":"https:\/\/www.layerforged.com\/index.php\/producto\/hombre-lobo-werewolf-28-mm\/","title":{"rendered":"Hombre Lobo (Werewolf) (28 mm.)"},"content":{"rendered":"<p>Miniatura de hombre lobo (28mm.).<\/p>\n<p><strong>REF: F231030<\/strong><\/p>\n<p>La belleza de la luna llena es m\u00e1s dif\u00edcil de apreciar en medio de un bosque, atado a un \u00e1rbol y escuchando los gru\u00f1idos de un <strong>lic\u00e1ntropo<\/strong> acerc\u00e1ndose.<br \/>\nAwwwww!!!<\/p>\n<p>Apropiado para juegos de fantas\u00eda como Dungeons and Dragons (DND), Pathfinder, Heroquest y similares.<\/p>\n<p>Descripci\u00f3n t\u00e9cnica:<br \/>\nAltura: 4 cm.<br \/>\nMaterial: Resina ABS-Like*.<\/p>\n<p>*Los tonos de gris de la resina pueden variar respecto a la imagen del producto dependiendo de la marca de la resina, pero siempre se imprime la miniatura maciza, con resina ABS-Like de la m\u00e1s alta calidad.<\/p>\n<p>**El dado de la imagen no est\u00e1 incluido en el producto, se muestra como referencia de tama\u00f1o.<\/p>\n","protected":false},"excerpt":{"rendered":"<p>La belleza de la luna llena es m\u00e1s dif\u00edcil de apreciar en medio de un bosque, atado a un \u00e1rbol y escuchando los gru\u00f1idos de un <strong>lic\u00e1ntropo<\/strong> acerc\u00e1ndose.<br \/>\nAwwwww!!!<\/p>\n<p>Apropiado para juegos de fantas\u00eda como Dungeons and Dragons (DND), Pathfinder, Heroquest y similares.<\/p>\n","protected":false},"featured_media":298,"comment_status":"open","ping_status":"closed","template":"","meta":[],"product_cat":[21,30],"product_tag":[],"yoast_head":"<!-- This site is optimized with the Yoast SEO plugin v20.2.1 - https:\/\/yoast.com\/wordpress\/plugins\/seo\/ -->\n<title>Hombre Lobo (Werewolf) (28 mm.) Layerforged<\/title>\n<meta name=\"description\" content=\"Miniatura escala 28mm. de hombre lobo (Werewolf). Apropiado para juegos de fantas\u00eda como Dungeons and Dragons (DND), Pathfinder, Heroquest y similares.\" \/>\n<meta name=\"robots\" content=\"index, follow, max-snippet:-1, max-image-preview:large, max-video-preview:-1\" \/>\n<link rel=\"canonical\" href=\"https:\/\/www.layerforged.com\/index.php\/producto\/hombre-lobo-werewolf-28-mm\/\" \/>\n<meta property=\"og:locale\" content=\"es_ES\" \/>\n<meta property=\"og:type\" content=\"article\" \/>\n<meta property=\"og:title\" content=\"Hombre Lobo (Werewolf) (28 mm.) Layerforged\" \/>\n<meta property=\"og:description\" content=\"Miniatura escala 28mm. de hombre lobo (Werewolf). Apropiado para juegos de fantas\u00eda como Dungeons and Dragons (DND), Pathfinder, Heroquest y similares.\" \/>\n<meta property=\"og:url\" content=\"https:\/\/www.layerforged.com\/index.php\/producto\/hombre-lobo-werewolf-28-mm\/\" \/>\n<meta property=\"og:site_name\" content=\"Layerforged - Miniaturas 3d impresas en resina\" \/>\n<meta property=\"article:publisher\" content=\"https:\/\/www.facebook.com\/layerforged\" \/>\n<meta property=\"article:modified_time\" content=\"2023-03-08T15:51:30+00:00\" \/>\n<meta property=\"og:image\" content=\"https:\/\/www.layerforged.com\/wp-content\/uploads\/2023\/03\/werewolf_producto_05.jpg\" \/>\n\t<meta property=\"og:image:width\" content=\"1280\" \/>\n\t<meta property=\"og:image:height\" content=\"1280\" \/>\n\t<meta property=\"og:image:type\" content=\"image\/jpeg\" \/>\n<meta name=\"twitter:card\" content=\"summary_large_image\" \/>\n<meta name=\"twitter:site\" content=\"@ForgedLayer\" \/>\n<meta name=\"twitter:label1\" content=\"Tiempo de lectura\" \/>\n\t<meta name=\"twitter:data1\" content=\"1 minuto\" \/>\n<script type=\"application\/ld+json\" class=\"yoast-schema-graph\">{\"@context\":\"https:\/\/schema.org\",\"@graph\":[{\"@type\":\"WebPage\",\"@id\":\"https:\/\/www.layerforged.com\/index.php\/producto\/hombre-lobo-werewolf-28-mm\/\",\"url\":\"https:\/\/www.layerforged.com\/index.php\/producto\/hombre-lobo-werewolf-28-mm\/\",\"name\":\"Hombre Lobo (Werewolf) (28 mm.) Layerforged\",\"isPartOf\":{\"@id\":\"https:\/\/www.layerforged.com\/#website\"},\"datePublished\":\"2023-03-07T18:36:48+00:00\",\"dateModified\":\"2023-03-08T15:51:30+00:00\",\"description\":\"Miniatura escala 28mm. de hombre lobo (Werewolf). Apropiado para juegos de fantas\u00eda como Dungeons and Dragons (DND), Pathfinder, Heroquest y similares.\",\"breadcrumb\":{\"@id\":\"https:\/\/www.layerforged.com\/index.php\/producto\/hombre-lobo-werewolf-28-mm\/#breadcrumb\"},\"inLanguage\":\"es\",\"potentialAction\":[{\"@type\":\"ReadAction\",\"target\":[\"https:\/\/www.layerforged.com\/index.php\/producto\/hombre-lobo-werewolf-28-mm\/\"]}]},{\"@type\":\"BreadcrumbList\",\"@id\":\"https:\/\/www.layerforged.com\/index.php\/producto\/hombre-lobo-werewolf-28-mm\/#breadcrumb\",\"itemListElement\":[{\"@type\":\"ListItem\",\"position\":1,\"name\":\"Portada\",\"item\":\"https:\/\/www.layerforged.com\/\"},{\"@type\":\"ListItem\",\"position\":2,\"name\":\"Tienda\",\"item\":\"https:\/\/www.layerforged.com\/\"},{\"@type\":\"ListItem\",\"position\":3,\"name\":\"Hombre Lobo (Werewolf) (28 mm.)\"}]},{\"@type\":\"WebSite\",\"@id\":\"https:\/\/www.layerforged.com\/#website\",\"url\":\"https:\/\/www.layerforged.com\/\",\"name\":\"Layerforged - Miniaturas 3d impresas en resina\",\"description\":\"Tienda de miniaturas para D&amp;D (Dungeons and Dragons), Pathfinder y otros juegos de fantas\u00eda.\",\"publisher\":{\"@id\":\"https:\/\/www.layerforged.com\/#organization\"},\"potentialAction\":[{\"@type\":\"SearchAction\",\"target\":{\"@type\":\"EntryPoint\",\"urlTemplate\":\"https:\/\/www.layerforged.com\/?s={search_term_string}\"},\"query-input\":\"required name=search_term_string\"}],\"inLanguage\":\"es\"},{\"@type\":\"Organization\",\"@id\":\"https:\/\/www.layerforged.com\/#organization\",\"name\":\"Layerforged - Miniaturas 3d impresas en resina\",\"url\":\"https:\/\/www.layerforged.com\/\",\"logo\":{\"@type\":\"ImageObject\",\"inLanguage\":\"es\",\"@id\":\"https:\/\/www.layerforged.com\/#\/schema\/logo\/image\/\",\"url\":\"https:\/\/www.layerforged.com\/wp-content\/uploads\/2022\/06\/cropped-logo-layer.jpg\",\"contentUrl\":\"https:\/\/www.layerforged.com\/wp-content\/uploads\/2022\/06\/cropped-logo-layer.jpg\",\"width\":1240,\"height\":653,\"caption\":\"Layerforged - Miniaturas 3d impresas en resina\"},\"image\":{\"@id\":\"https:\/\/www.layerforged.com\/#\/schema\/logo\/image\/\"},\"sameAs\":[\"https:\/\/www.facebook.com\/layerforged\",\"https:\/\/twitter.com\/ForgedLayer\",\"https:\/\/www.instagram.com\/layerforged\/\",\"https:\/\/www.tiktok.com\/@layerforged\"]}]}<\/script>\n<!-- \/ Yoast SEO plugin. -->","yoast_head_json":{"title":"Hombre Lobo (Werewolf) (28 mm.) Layerforged","description":"Miniatura escala 28mm. de hombre lobo (Werewolf). Apropiado para juegos de fantas\u00eda como Dungeons and Dragons (DND), Pathfinder, Heroquest y similares.","robots":{"index":"index","follow":"follow","max-snippet":"max-snippet:-1","max-image-preview":"max-image-preview:large","max-video-preview":"max-video-preview:-1"},"canonical":"https:\/\/www.layerforged.com\/index.php\/producto\/hombre-lobo-werewolf-28-mm\/","og_locale":"es_ES","og_type":"article","og_title":"Hombre Lobo (Werewolf) (28 mm.) Layerforged","og_description":"Miniatura escala 28mm. de hombre lobo (Werewolf). Apropiado para juegos de fantas\u00eda como Dungeons and Dragons (DND), Pathfinder, Heroquest y similares.","og_url":"https:\/\/www.layerforged.com\/index.php\/producto\/hombre-lobo-werewolf-28-mm\/","og_site_name":"Layerforged - Miniaturas 3d impresas en resina","article_publisher":"https:\/\/www.facebook.com\/layerforged","article_modified_time":"2023-03-08T15:51:30+00:00","og_image":[{"width":1280,"height":1280,"url":"https:\/\/www.layerforged.com\/wp-content\/uploads\/2023\/03\/werewolf_producto_05.jpg","type":"image\/jpeg"}],"twitter_card":"summary_large_image","twitter_site":"@ForgedLayer","twitter_misc":{"Tiempo de lectura":"1 minuto"},"schema":{"@context":"https:\/\/schema.org","@graph":[{"@type":"WebPage","@id":"https:\/\/www.layerforged.com\/index.php\/producto\/hombre-lobo-werewolf-28-mm\/","url":"https:\/\/www.layerforged.com\/index.php\/producto\/hombre-lobo-werewolf-28-mm\/","name":"Hombre Lobo (Werewolf) (28 mm.) Layerforged","isPartOf":{"@id":"https:\/\/www.layerforged.com\/#website"},"datePublished":"2023-03-07T18:36:48+00:00","dateModified":"2023-03-08T15:51:30+00:00","description":"Miniatura escala 28mm. de hombre lobo (Werewolf). Apropiado para juegos de fantas\u00eda como Dungeons and Dragons (DND), Pathfinder, Heroquest y similares.","breadcrumb":{"@id":"https:\/\/www.layerforged.com\/index.php\/producto\/hombre-lobo-werewolf-28-mm\/#breadcrumb"},"inLanguage":"es","potentialAction":[{"@type":"ReadAction","target":["https:\/\/www.layerforged.com\/index.php\/producto\/hombre-lobo-werewolf-28-mm\/"]}]},{"@type":"BreadcrumbList","@id":"https:\/\/www.layerforged.com\/index.php\/producto\/hombre-lobo-werewolf-28-mm\/#breadcrumb","itemListElement":[{"@type":"ListItem","position":1,"name":"Portada","item":"https:\/\/www.layerforged.com\/"},{"@type":"ListItem","position":2,"name":"Tienda","item":"https:\/\/www.layerforged.com\/"},{"@type":"ListItem","position":3,"name":"Hombre Lobo (Werewolf) (28 mm.)"}]},{"@type":"WebSite","@id":"https:\/\/www.layerforged.com\/#website","url":"https:\/\/www.layerforged.com\/","name":"Layerforged - Miniaturas 3d impresas en resina","description":"Tienda de miniaturas para D&amp;D (Dungeons and Dragons), Pathfinder y otros juegos de fantas\u00eda.","publisher":{"@id":"https:\/\/www.layerforged.com\/#organization"},"potentialAction":[{"@type":"SearchAction","target":{"@type":"EntryPoint","urlTemplate":"https:\/\/www.layerforged.com\/?s={search_term_string}"},"query-input":"required name=search_term_string"}],"inLanguage":"es"},{"@type":"Organization","@id":"https:\/\/www.layerforged.com\/#organization","name":"Layerforged - Miniaturas 3d impresas en resina","url":"https:\/\/www.layerforged.com\/","logo":{"@type":"ImageObject","inLanguage":"es","@id":"https:\/\/www.layerforged.com\/#\/schema\/logo\/image\/","url":"https:\/\/www.layerforged.com\/wp-content\/uploads\/2022\/06\/cropped-logo-layer.jpg","contentUrl":"https:\/\/www.layerforged.com\/wp-content\/uploads\/2022\/06\/cropped-logo-layer.jpg","width":1240,"height":653,"caption":"Layerforged - Miniaturas 3d impresas en resina"},"image":{"@id":"https:\/\/www.layerforged.com\/#\/schema\/logo\/image\/"},"sameAs":["https:\/\/www.facebook.com\/layerforged","https:\/\/twitter.com\/ForgedLayer","https:\/\/www.instagram.com\/layerforged\/","https:\/\/www.tiktok.com\/@layerforged"]}]}},"_links":{"self":[{"href":"https:\/\/www.layerforged.com\/index.php\/wp-json\/wp\/v2\/product\/297"}],"collection":[{"href":"https:\/\/www.layerforged.com\/index.php\/wp-json\/wp\/v2\/product"}],"about":[{"href":"https:\/\/www.layerforged.com\/index.php\/wp-json\/wp\/v2\/types\/product"}],"replies":[{"embeddable":true,"href":"https:\/\/www.layerforged.com\/index.php\/wp-json\/wp\/v2\/comments?post=297"}],"wp:featuredmedia":[{"embeddable":true,"href":"https:\/\/www.layerforged.com\/index.php\/wp-json\/wp\/v2\/media\/298"}],"wp:attachment":[{"href":"https:\/\/www.layerforged.com\/index.php\/wp-json\/wp\/v2\/media?parent=297"}],"wp:term":[{"taxonomy":"product_cat","embeddable":true,"href":"https:\/\/www.layerforged.com\/index.php\/wp-json\/wp\/v2\/product_cat?post=297"},{"taxonomy":"product_tag","embeddable":true,"href":"https:\/\/www.layerforged.com\/index.php\/wp-json\/wp\/v2\/product_tag?post=297"}],"curies":[{"name":"wp","href":"https:\/\/api.w.org\/{rel}","templated":true}]}}