{"id":256,"date":"2023-02-28T22:04:45","date_gmt":"2023-02-28T22:04:45","guid":{"rendered":"http:\/\/layerforged.com\/?post_type=product&#038;p=256"},"modified":"2023-03-07T13:13:23","modified_gmt":"2023-03-07T13:13:23","slug":"lovecraft-dos-tentaculos","status":"publish","type":"product","link":"https:\/\/www.layerforged.com\/index.php\/producto\/lovecraft-dos-tentaculos\/","title":{"rendered":"Lovecraft (+dos tent\u00e1culos)"},"content":{"rendered":"<p><strong>REF: F231028<\/strong><\/p>\n<p>Ces\u00f3 el repiqueteo de la m\u00e1quina de escribir. \u00bfSer\u00eda acaso una premonici\u00f3n del advenimiento del primigenio Nyarlagrfuuujjj\u00f1\u00f1\u00f1&#8230; perd\u00f3n, se me ha atragantado un Dorito.<br \/>\nEn cualquier caso, H. P. Lovecraft no necesita ning\u00fan tipo de presentaci\u00f3n, adentraos de la mano de este genio en los misterios insondables del Universo.<\/p>\n<p>Apropiado para juegos de fantas\u00eda como Dungeons and Dragons (DND), Pathfinder, Heroquest y similares y especialmente universos Lovecraftianos, como Las mansiones de la locura.<\/p>\n<p>Descripci\u00f3n t\u00e9cnica:<br \/>\nAltura: 3,7 cm.<br \/>\nMaterial: Resina ABS-Like*.<\/p>\n<p>*Los tonos de gris de la resina pueden variar respecto a la imagen del producto dependiendo de la marca de la resina, pero siempre se imprime la miniatura maciza, con resina ABS-Like de la m\u00e1s alta calidad.<\/p>\n<p>**El dado de la imagen no est\u00e1 incluido en el producto, se muestra como referencia de tama\u00f1o.<\/p>\n","protected":false},"excerpt":{"rendered":"<p>Ces\u00f3 el repiqueteo de la m\u00e1quina de escribir. \u00bfSer\u00eda acaso una premonici\u00f3n del advenimiento del primigenio Nyarlagrfuuujjj\u00f1\u00f1\u00f1&#8230; perd\u00f3n, se me ha atragantado un Dorito.<br \/>\nEn cualquier caso, H. P. Lovecraft no necesita ning\u00fan tipo de presentaci\u00f3n, adentraos de la mano de este genio en los misterios insondables del Universo.<\/p>\n<p>Apropiado para juegos de fantas\u00eda como Dungeons and Dragons (DND), Pathfinder, Heroquest y similares y especialmente universos Lovecraftianos, como Las mansiones de la locura.<\/p>\n","protected":false},"featured_media":274,"comment_status":"open","ping_status":"closed","template":"","meta":[],"product_cat":[21,29],"product_tag":[],"yoast_head":"<!-- This site is optimized with the Yoast SEO plugin v20.2.1 - https:\/\/yoast.com\/wordpress\/plugins\/seo\/ -->\n<title>Lovecraft (+dos tent\u00e1culos) - Layerforged - Miniaturas 3d impresas en resina<\/title>\n<meta name=\"robots\" content=\"index, follow, max-snippet:-1, max-image-preview:large, max-video-preview:-1\" \/>\n<link rel=\"canonical\" href=\"https:\/\/www.layerforged.com\/index.php\/producto\/lovecraft-dos-tentaculos\/\" \/>\n<meta property=\"og:locale\" content=\"es_ES\" \/>\n<meta property=\"og:type\" content=\"article\" \/>\n<meta property=\"og:title\" content=\"Lovecraft (+dos tent\u00e1culos) - Layerforged - Miniaturas 3d impresas en resina\" \/>\n<meta property=\"og:description\" content=\"Ces\u00f3 el repiqueteo de la m\u00e1quina de escribir. \u00bfSer\u00eda acaso una premonici\u00f3n del advenimiento del primigenio Nyarlagrfuuujjj\u00f1\u00f1\u00f1... perd\u00f3n, se me ha atragantado un Dorito. En cualquier caso, H. P. Lovecraft no necesita ning\u00fan tipo de presentaci\u00f3n, adentraos de la mano de este genio en los misterios insondables del Universo.  Apropiado para juegos de fantas\u00eda como Dungeons and Dragons (DND), Pathfinder, Heroquest y similares y especialmente universos Lovecraftianos, como Las mansiones de la locura.\" \/>\n<meta property=\"og:url\" content=\"https:\/\/www.layerforged.com\/index.php\/producto\/lovecraft-dos-tentaculos\/\" \/>\n<meta property=\"og:site_name\" content=\"Layerforged - Miniaturas 3d impresas en resina\" \/>\n<meta property=\"article:publisher\" content=\"https:\/\/www.facebook.com\/layerforged\" \/>\n<meta property=\"article:modified_time\" content=\"2023-03-07T13:13:23+00:00\" \/>\n<meta property=\"og:image\" content=\"https:\/\/www.layerforged.com\/wp-content\/uploads\/2023\/02\/w_lovecraft.jpg\" \/>\n\t<meta property=\"og:image:width\" content=\"1280\" \/>\n\t<meta property=\"og:image:height\" content=\"1280\" \/>\n\t<meta property=\"og:image:type\" content=\"image\/jpeg\" \/>\n<meta name=\"twitter:card\" content=\"summary_large_image\" \/>\n<meta name=\"twitter:site\" content=\"@ForgedLayer\" \/>\n<meta name=\"twitter:label1\" content=\"Tiempo de lectura\" \/>\n\t<meta name=\"twitter:data1\" content=\"1 minuto\" \/>\n<script type=\"application\/ld+json\" class=\"yoast-schema-graph\">{\"@context\":\"https:\/\/schema.org\",\"@graph\":[{\"@type\":\"WebPage\",\"@id\":\"https:\/\/www.layerforged.com\/index.php\/producto\/lovecraft-dos-tentaculos\/\",\"url\":\"https:\/\/www.layerforged.com\/index.php\/producto\/lovecraft-dos-tentaculos\/\",\"name\":\"Lovecraft (+dos tent\u00e1culos) - Layerforged - Miniaturas 3d impresas en resina\",\"isPartOf\":{\"@id\":\"https:\/\/www.layerforged.com\/#website\"},\"datePublished\":\"2023-02-28T22:04:45+00:00\",\"dateModified\":\"2023-03-07T13:13:23+00:00\",\"breadcrumb\":{\"@id\":\"https:\/\/www.layerforged.com\/index.php\/producto\/lovecraft-dos-tentaculos\/#breadcrumb\"},\"inLanguage\":\"es\",\"potentialAction\":[{\"@type\":\"ReadAction\",\"target\":[\"https:\/\/www.layerforged.com\/index.php\/producto\/lovecraft-dos-tentaculos\/\"]}]},{\"@type\":\"BreadcrumbList\",\"@id\":\"https:\/\/www.layerforged.com\/index.php\/producto\/lovecraft-dos-tentaculos\/#breadcrumb\",\"itemListElement\":[{\"@type\":\"ListItem\",\"position\":1,\"name\":\"Portada\",\"item\":\"https:\/\/www.layerforged.com\/\"},{\"@type\":\"ListItem\",\"position\":2,\"name\":\"Tienda\",\"item\":\"https:\/\/www.layerforged.com\/\"},{\"@type\":\"ListItem\",\"position\":3,\"name\":\"Lovecraft (+dos tent\u00e1culos)\"}]},{\"@type\":\"WebSite\",\"@id\":\"https:\/\/www.layerforged.com\/#website\",\"url\":\"https:\/\/www.layerforged.com\/\",\"name\":\"Layerforged - Miniaturas 3d impresas en resina\",\"description\":\"Tienda de miniaturas para D&amp;D (Dungeons and Dragons), Pathfinder y otros juegos de fantas\u00eda.\",\"publisher\":{\"@id\":\"https:\/\/www.layerforged.com\/#organization\"},\"potentialAction\":[{\"@type\":\"SearchAction\",\"target\":{\"@type\":\"EntryPoint\",\"urlTemplate\":\"https:\/\/www.layerforged.com\/?s={search_term_string}\"},\"query-input\":\"required name=search_term_string\"}],\"inLanguage\":\"es\"},{\"@type\":\"Organization\",\"@id\":\"https:\/\/www.layerforged.com\/#organization\",\"name\":\"Layerforged - Miniaturas 3d impresas en resina\",\"url\":\"https:\/\/www.layerforged.com\/\",\"logo\":{\"@type\":\"ImageObject\",\"inLanguage\":\"es\",\"@id\":\"https:\/\/www.layerforged.com\/#\/schema\/logo\/image\/\",\"url\":\"https:\/\/www.layerforged.com\/wp-content\/uploads\/2022\/06\/cropped-logo-layer.jpg\",\"contentUrl\":\"https:\/\/www.layerforged.com\/wp-content\/uploads\/2022\/06\/cropped-logo-layer.jpg\",\"width\":1240,\"height\":653,\"caption\":\"Layerforged - Miniaturas 3d impresas en resina\"},\"image\":{\"@id\":\"https:\/\/www.layerforged.com\/#\/schema\/logo\/image\/\"},\"sameAs\":[\"https:\/\/www.facebook.com\/layerforged\",\"https:\/\/twitter.com\/ForgedLayer\",\"https:\/\/www.instagram.com\/layerforged\/\",\"https:\/\/www.tiktok.com\/@layerforged\"]}]}<\/script>\n<!-- \/ Yoast SEO plugin. -->","yoast_head_json":{"title":"Lovecraft (+dos tent\u00e1culos) - Layerforged - Miniaturas 3d impresas en resina","robots":{"index":"index","follow":"follow","max-snippet":"max-snippet:-1","max-image-preview":"max-image-preview:large","max-video-preview":"max-video-preview:-1"},"canonical":"https:\/\/www.layerforged.com\/index.php\/producto\/lovecraft-dos-tentaculos\/","og_locale":"es_ES","og_type":"article","og_title":"Lovecraft (+dos tent\u00e1culos) - Layerforged - Miniaturas 3d impresas en resina","og_description":"Ces\u00f3 el repiqueteo de la m\u00e1quina de escribir. \u00bfSer\u00eda acaso una premonici\u00f3n del advenimiento del primigenio Nyarlagrfuuujjj\u00f1\u00f1\u00f1... perd\u00f3n, se me ha atragantado un Dorito. En cualquier caso, H. P. Lovecraft no necesita ning\u00fan tipo de presentaci\u00f3n, adentraos de la mano de este genio en los misterios insondables del Universo.  Apropiado para juegos de fantas\u00eda como Dungeons and Dragons (DND), Pathfinder, Heroquest y similares y especialmente universos Lovecraftianos, como Las mansiones de la locura.","og_url":"https:\/\/www.layerforged.com\/index.php\/producto\/lovecraft-dos-tentaculos\/","og_site_name":"Layerforged - Miniaturas 3d impresas en resina","article_publisher":"https:\/\/www.facebook.com\/layerforged","article_modified_time":"2023-03-07T13:13:23+00:00","og_image":[{"width":1280,"height":1280,"url":"https:\/\/www.layerforged.com\/wp-content\/uploads\/2023\/02\/w_lovecraft.jpg","type":"image\/jpeg"}],"twitter_card":"summary_large_image","twitter_site":"@ForgedLayer","twitter_misc":{"Tiempo de lectura":"1 minuto"},"schema":{"@context":"https:\/\/schema.org","@graph":[{"@type":"WebPage","@id":"https:\/\/www.layerforged.com\/index.php\/producto\/lovecraft-dos-tentaculos\/","url":"https:\/\/www.layerforged.com\/index.php\/producto\/lovecraft-dos-tentaculos\/","name":"Lovecraft (+dos tent\u00e1culos) - Layerforged - Miniaturas 3d impresas en resina","isPartOf":{"@id":"https:\/\/www.layerforged.com\/#website"},"datePublished":"2023-02-28T22:04:45+00:00","dateModified":"2023-03-07T13:13:23+00:00","breadcrumb":{"@id":"https:\/\/www.layerforged.com\/index.php\/producto\/lovecraft-dos-tentaculos\/#breadcrumb"},"inLanguage":"es","potentialAction":[{"@type":"ReadAction","target":["https:\/\/www.layerforged.com\/index.php\/producto\/lovecraft-dos-tentaculos\/"]}]},{"@type":"BreadcrumbList","@id":"https:\/\/www.layerforged.com\/index.php\/producto\/lovecraft-dos-tentaculos\/#breadcrumb","itemListElement":[{"@type":"ListItem","position":1,"name":"Portada","item":"https:\/\/www.layerforged.com\/"},{"@type":"ListItem","position":2,"name":"Tienda","item":"https:\/\/www.layerforged.com\/"},{"@type":"ListItem","position":3,"name":"Lovecraft (+dos tent\u00e1culos)"}]},{"@type":"WebSite","@id":"https:\/\/www.layerforged.com\/#website","url":"https:\/\/www.layerforged.com\/","name":"Layerforged - Miniaturas 3d impresas en resina","description":"Tienda de miniaturas para D&amp;D (Dungeons and Dragons), Pathfinder y otros juegos de fantas\u00eda.","publisher":{"@id":"https:\/\/www.layerforged.com\/#organization"},"potentialAction":[{"@type":"SearchAction","target":{"@type":"EntryPoint","urlTemplate":"https:\/\/www.layerforged.com\/?s={search_term_string}"},"query-input":"required name=search_term_string"}],"inLanguage":"es"},{"@type":"Organization","@id":"https:\/\/www.layerforged.com\/#organization","name":"Layerforged - Miniaturas 3d impresas en resina","url":"https:\/\/www.layerforged.com\/","logo":{"@type":"ImageObject","inLanguage":"es","@id":"https:\/\/www.layerforged.com\/#\/schema\/logo\/image\/","url":"https:\/\/www.layerforged.com\/wp-content\/uploads\/2022\/06\/cropped-logo-layer.jpg","contentUrl":"https:\/\/www.layerforged.com\/wp-content\/uploads\/2022\/06\/cropped-logo-layer.jpg","width":1240,"height":653,"caption":"Layerforged - Miniaturas 3d impresas en resina"},"image":{"@id":"https:\/\/www.layerforged.com\/#\/schema\/logo\/image\/"},"sameAs":["https:\/\/www.facebook.com\/layerforged","https:\/\/twitter.com\/ForgedLayer","https:\/\/www.instagram.com\/layerforged\/","https:\/\/www.tiktok.com\/@layerforged"]}]}},"_links":{"self":[{"href":"https:\/\/www.layerforged.com\/index.php\/wp-json\/wp\/v2\/product\/256"}],"collection":[{"href":"https:\/\/www.layerforged.com\/index.php\/wp-json\/wp\/v2\/product"}],"about":[{"href":"https:\/\/www.layerforged.com\/index.php\/wp-json\/wp\/v2\/types\/product"}],"replies":[{"embeddable":true,"href":"https:\/\/www.layerforged.com\/index.php\/wp-json\/wp\/v2\/comments?post=256"}],"wp:featuredmedia":[{"embeddable":true,"href":"https:\/\/www.layerforged.com\/index.php\/wp-json\/wp\/v2\/media\/274"}],"wp:attachment":[{"href":"https:\/\/www.layerforged.com\/index.php\/wp-json\/wp\/v2\/media?parent=256"}],"wp:term":[{"taxonomy":"product_cat","embeddable":true,"href":"https:\/\/www.layerforged.com\/index.php\/wp-json\/wp\/v2\/product_cat?post=256"},{"taxonomy":"product_tag","embeddable":true,"href":"https:\/\/www.layerforged.com\/index.php\/wp-json\/wp\/v2\/product_tag?post=256"}],"curies":[{"name":"wp","href":"https:\/\/api.w.org\/{rel}","templated":true}]}}