{"id":1423,"date":"2026-01-26T16:06:27","date_gmt":"2026-01-26T16:06:27","guid":{"rendered":"https:\/\/www.layerforged.com\/?post_type=product&#038;p=1423"},"modified":"2026-04-18T13:43:15","modified_gmt":"2026-04-18T13:43:15","slug":"red-dragon-wyrmling","status":"publish","type":"product","link":"https:\/\/www.layerforged.com\/index.php\/producto\/red-dragon-wyrmling\/","title":{"rendered":"Cr\u00eda de drag\u00f3n rojo"},"content":{"rendered":"<p>\u00a1Miniatura de cr\u00eda Drag\u00f3n rojo para tus partidas de Dnd!<\/p>\n<p>Alto: 6 cm.<br \/>\nAncho: 7 cm.<br \/>\nLongitud: 6,5 cm.<\/p>\n<p>*El dado de la imagen no est\u00e1 incluido, es para referencia del tama\u00f1o.<br \/>\n**Este producto viene impreso por partes. Requiere montaje y peque\u00f1os acabados:<br \/>\nLimado y enmasillado antes de pintar para los peque\u00f1os huecos (pueden apreciarse en la imagen).<br \/>\nLas partes pueden unirse con pegamento de miniaturas, o simplemente Loctite.<\/p>\n<p>***En la imagen el drag\u00f3n est\u00e1 imprimado en rojo, el producto viene sin imprimar en el color gris de la resina.<\/p>\n","protected":false},"excerpt":{"rendered":"<p>\u00a1Miniatura de cr\u00eda Drag\u00f3n rojo para tus partidas de Dnd!<\/p>\n<p>Alto: 6 cm.<br \/>\nAncho: 7 cm.<br \/>\nLongitud: 6,5 cm.<\/p>\n<p>*El dado de la imagen no est\u00e1 incluido, es para referencia del tama\u00f1o.<br \/>\n**Este producto viene impreso por partes. Requiere montaje y peque\u00f1os acabados:<br \/>\nLimado y enmasillado antes de pintar para los peque\u00f1os huecos (pueden apreciarse en la imagen).<br \/>\nLas partes pueden unirse con pegamento de miniaturas, o simplemente Loctite.<\/p>\n<p>***En la imagen el drag\u00f3n est\u00e1 imprimado en rojo, el producto viene sin imprimar en el color gris de la resina.<\/p>\n","protected":false},"featured_media":1424,"comment_status":"open","ping_status":"closed","template":"","meta":[],"product_cat":[21,30],"product_tag":[],"yoast_head":"<!-- This site is optimized with the Yoast SEO plugin v20.2.1 - https:\/\/yoast.com\/wordpress\/plugins\/seo\/ -->\n<title>Cr\u00eda de drag\u00f3n rojo - Layerforged - Miniaturas 3d impresas en resina<\/title>\n<meta name=\"description\" content=\"Miniatura de Red Dragon (drag\u00f3n rojo) para aventuras de Dungeons and Dragons (dnd), Pathfinder, Heroquest y otros juegos similares\" \/>\n<meta name=\"robots\" content=\"index, follow, max-snippet:-1, max-image-preview:large, max-video-preview:-1\" \/>\n<link rel=\"canonical\" href=\"https:\/\/www.layerforged.com\/index.php\/producto\/red-dragon-wyrmling\/\" \/>\n<meta property=\"og:locale\" content=\"es_ES\" \/>\n<meta property=\"og:type\" content=\"article\" \/>\n<meta property=\"og:title\" content=\"Cr\u00eda de drag\u00f3n rojo - Layerforged - Miniaturas 3d impresas en resina\" \/>\n<meta property=\"og:description\" content=\"Miniatura de Red Dragon (drag\u00f3n rojo) para aventuras de Dungeons and Dragons (dnd), Pathfinder, Heroquest y otros juegos similares\" \/>\n<meta property=\"og:url\" content=\"https:\/\/www.layerforged.com\/index.php\/producto\/red-dragon-wyrmling\/\" \/>\n<meta property=\"og:site_name\" content=\"Layerforged - Miniaturas 3d impresas en resina\" \/>\n<meta property=\"article:publisher\" content=\"https:\/\/www.facebook.com\/layerforged\" \/>\n<meta property=\"article:modified_time\" content=\"2026-04-18T13:43:15+00:00\" \/>\n<meta property=\"og:image\" content=\"https:\/\/www.layerforged.com\/wp-content\/uploads\/2026\/01\/20260126_164818-1024x1024.jpg\" \/>\n\t<meta property=\"og:image:width\" content=\"1024\" \/>\n\t<meta property=\"og:image:height\" content=\"1024\" \/>\n\t<meta property=\"og:image:type\" content=\"image\/jpeg\" \/>\n<meta name=\"twitter:card\" content=\"summary_large_image\" \/>\n<meta name=\"twitter:site\" content=\"@ForgedLayer\" \/>\n<meta name=\"twitter:label1\" content=\"Tiempo de lectura\" \/>\n\t<meta name=\"twitter:data1\" content=\"1 minuto\" \/>\n<script type=\"application\/ld+json\" class=\"yoast-schema-graph\">{\"@context\":\"https:\/\/schema.org\",\"@graph\":[{\"@type\":\"WebPage\",\"@id\":\"https:\/\/www.layerforged.com\/index.php\/producto\/red-dragon-wyrmling\/\",\"url\":\"https:\/\/www.layerforged.com\/index.php\/producto\/red-dragon-wyrmling\/\",\"name\":\"Cr\u00eda de drag\u00f3n rojo - Layerforged - Miniaturas 3d impresas en resina\",\"isPartOf\":{\"@id\":\"https:\/\/www.layerforged.com\/#website\"},\"datePublished\":\"2026-01-26T16:06:27+00:00\",\"dateModified\":\"2026-04-18T13:43:15+00:00\",\"description\":\"Miniatura de Red Dragon (drag\u00f3n rojo) para aventuras de Dungeons and Dragons (dnd), Pathfinder, Heroquest y otros juegos similares\",\"breadcrumb\":{\"@id\":\"https:\/\/www.layerforged.com\/index.php\/producto\/red-dragon-wyrmling\/#breadcrumb\"},\"inLanguage\":\"es\",\"potentialAction\":[{\"@type\":\"ReadAction\",\"target\":[\"https:\/\/www.layerforged.com\/index.php\/producto\/red-dragon-wyrmling\/\"]}]},{\"@type\":\"BreadcrumbList\",\"@id\":\"https:\/\/www.layerforged.com\/index.php\/producto\/red-dragon-wyrmling\/#breadcrumb\",\"itemListElement\":[{\"@type\":\"ListItem\",\"position\":1,\"name\":\"Portada\",\"item\":\"https:\/\/www.layerforged.com\/\"},{\"@type\":\"ListItem\",\"position\":2,\"name\":\"Tienda\",\"item\":\"https:\/\/www.layerforged.com\/\"},{\"@type\":\"ListItem\",\"position\":3,\"name\":\"Cr\u00eda de drag\u00f3n rojo\"}]},{\"@type\":\"WebSite\",\"@id\":\"https:\/\/www.layerforged.com\/#website\",\"url\":\"https:\/\/www.layerforged.com\/\",\"name\":\"Layerforged - Miniaturas 3d impresas en resina\",\"description\":\"Tienda de miniaturas para D&amp;D (Dungeons and Dragons), Pathfinder y otros juegos de fantas\u00eda.\",\"publisher\":{\"@id\":\"https:\/\/www.layerforged.com\/#organization\"},\"potentialAction\":[{\"@type\":\"SearchAction\",\"target\":{\"@type\":\"EntryPoint\",\"urlTemplate\":\"https:\/\/www.layerforged.com\/?s={search_term_string}\"},\"query-input\":\"required name=search_term_string\"}],\"inLanguage\":\"es\"},{\"@type\":\"Organization\",\"@id\":\"https:\/\/www.layerforged.com\/#organization\",\"name\":\"Layerforged - Miniaturas 3d impresas en resina\",\"url\":\"https:\/\/www.layerforged.com\/\",\"logo\":{\"@type\":\"ImageObject\",\"inLanguage\":\"es\",\"@id\":\"https:\/\/www.layerforged.com\/#\/schema\/logo\/image\/\",\"url\":\"https:\/\/www.layerforged.com\/wp-content\/uploads\/2022\/06\/cropped-logo-layer.jpg\",\"contentUrl\":\"https:\/\/www.layerforged.com\/wp-content\/uploads\/2022\/06\/cropped-logo-layer.jpg\",\"width\":1240,\"height\":653,\"caption\":\"Layerforged - Miniaturas 3d impresas en resina\"},\"image\":{\"@id\":\"https:\/\/www.layerforged.com\/#\/schema\/logo\/image\/\"},\"sameAs\":[\"https:\/\/www.facebook.com\/layerforged\",\"https:\/\/twitter.com\/ForgedLayer\",\"https:\/\/www.instagram.com\/layerforged\/\",\"https:\/\/www.tiktok.com\/@layerforged\"]}]}<\/script>\n<!-- \/ Yoast SEO plugin. -->","yoast_head_json":{"title":"Cr\u00eda de drag\u00f3n rojo - Layerforged - Miniaturas 3d impresas en resina","description":"Miniatura de Red Dragon (drag\u00f3n rojo) para aventuras de Dungeons and Dragons (dnd), Pathfinder, Heroquest y otros juegos similares","robots":{"index":"index","follow":"follow","max-snippet":"max-snippet:-1","max-image-preview":"max-image-preview:large","max-video-preview":"max-video-preview:-1"},"canonical":"https:\/\/www.layerforged.com\/index.php\/producto\/red-dragon-wyrmling\/","og_locale":"es_ES","og_type":"article","og_title":"Cr\u00eda de drag\u00f3n rojo - Layerforged - Miniaturas 3d impresas en resina","og_description":"Miniatura de Red Dragon (drag\u00f3n rojo) para aventuras de Dungeons and Dragons (dnd), Pathfinder, Heroquest y otros juegos similares","og_url":"https:\/\/www.layerforged.com\/index.php\/producto\/red-dragon-wyrmling\/","og_site_name":"Layerforged - Miniaturas 3d impresas en resina","article_publisher":"https:\/\/www.facebook.com\/layerforged","article_modified_time":"2026-04-18T13:43:15+00:00","og_image":[{"width":1024,"height":1024,"url":"https:\/\/www.layerforged.com\/wp-content\/uploads\/2026\/01\/20260126_164818-1024x1024.jpg","type":"image\/jpeg"}],"twitter_card":"summary_large_image","twitter_site":"@ForgedLayer","twitter_misc":{"Tiempo de lectura":"1 minuto"},"schema":{"@context":"https:\/\/schema.org","@graph":[{"@type":"WebPage","@id":"https:\/\/www.layerforged.com\/index.php\/producto\/red-dragon-wyrmling\/","url":"https:\/\/www.layerforged.com\/index.php\/producto\/red-dragon-wyrmling\/","name":"Cr\u00eda de drag\u00f3n rojo - Layerforged - Miniaturas 3d impresas en resina","isPartOf":{"@id":"https:\/\/www.layerforged.com\/#website"},"datePublished":"2026-01-26T16:06:27+00:00","dateModified":"2026-04-18T13:43:15+00:00","description":"Miniatura de Red Dragon (drag\u00f3n rojo) para aventuras de Dungeons and Dragons (dnd), Pathfinder, Heroquest y otros juegos similares","breadcrumb":{"@id":"https:\/\/www.layerforged.com\/index.php\/producto\/red-dragon-wyrmling\/#breadcrumb"},"inLanguage":"es","potentialAction":[{"@type":"ReadAction","target":["https:\/\/www.layerforged.com\/index.php\/producto\/red-dragon-wyrmling\/"]}]},{"@type":"BreadcrumbList","@id":"https:\/\/www.layerforged.com\/index.php\/producto\/red-dragon-wyrmling\/#breadcrumb","itemListElement":[{"@type":"ListItem","position":1,"name":"Portada","item":"https:\/\/www.layerforged.com\/"},{"@type":"ListItem","position":2,"name":"Tienda","item":"https:\/\/www.layerforged.com\/"},{"@type":"ListItem","position":3,"name":"Cr\u00eda de drag\u00f3n rojo"}]},{"@type":"WebSite","@id":"https:\/\/www.layerforged.com\/#website","url":"https:\/\/www.layerforged.com\/","name":"Layerforged - Miniaturas 3d impresas en resina","description":"Tienda de miniaturas para D&amp;D (Dungeons and Dragons), Pathfinder y otros juegos de fantas\u00eda.","publisher":{"@id":"https:\/\/www.layerforged.com\/#organization"},"potentialAction":[{"@type":"SearchAction","target":{"@type":"EntryPoint","urlTemplate":"https:\/\/www.layerforged.com\/?s={search_term_string}"},"query-input":"required name=search_term_string"}],"inLanguage":"es"},{"@type":"Organization","@id":"https:\/\/www.layerforged.com\/#organization","name":"Layerforged - Miniaturas 3d impresas en resina","url":"https:\/\/www.layerforged.com\/","logo":{"@type":"ImageObject","inLanguage":"es","@id":"https:\/\/www.layerforged.com\/#\/schema\/logo\/image\/","url":"https:\/\/www.layerforged.com\/wp-content\/uploads\/2022\/06\/cropped-logo-layer.jpg","contentUrl":"https:\/\/www.layerforged.com\/wp-content\/uploads\/2022\/06\/cropped-logo-layer.jpg","width":1240,"height":653,"caption":"Layerforged - Miniaturas 3d impresas en resina"},"image":{"@id":"https:\/\/www.layerforged.com\/#\/schema\/logo\/image\/"},"sameAs":["https:\/\/www.facebook.com\/layerforged","https:\/\/twitter.com\/ForgedLayer","https:\/\/www.instagram.com\/layerforged\/","https:\/\/www.tiktok.com\/@layerforged"]}]}},"_links":{"self":[{"href":"https:\/\/www.layerforged.com\/index.php\/wp-json\/wp\/v2\/product\/1423"}],"collection":[{"href":"https:\/\/www.layerforged.com\/index.php\/wp-json\/wp\/v2\/product"}],"about":[{"href":"https:\/\/www.layerforged.com\/index.php\/wp-json\/wp\/v2\/types\/product"}],"replies":[{"embeddable":true,"href":"https:\/\/www.layerforged.com\/index.php\/wp-json\/wp\/v2\/comments?post=1423"}],"wp:featuredmedia":[{"embeddable":true,"href":"https:\/\/www.layerforged.com\/index.php\/wp-json\/wp\/v2\/media\/1424"}],"wp:attachment":[{"href":"https:\/\/www.layerforged.com\/index.php\/wp-json\/wp\/v2\/media?parent=1423"}],"wp:term":[{"taxonomy":"product_cat","embeddable":true,"href":"https:\/\/www.layerforged.com\/index.php\/wp-json\/wp\/v2\/product_cat?post=1423"},{"taxonomy":"product_tag","embeddable":true,"href":"https:\/\/www.layerforged.com\/index.php\/wp-json\/wp\/v2\/product_tag?post=1423"}],"curies":[{"name":"wp","href":"https:\/\/api.w.org\/{rel}","templated":true}]}}