{"id":1356,"date":"2025-11-13T12:33:25","date_gmt":"2025-11-13T12:33:25","guid":{"rendered":"https:\/\/www.layerforged.com\/?post_type=product&#038;p=1356"},"modified":"2026-04-18T13:41:37","modified_gmt":"2026-04-18T13:41:37","slug":"goblins-esqueleticos-6-miniaturas-32mm","status":"publish","type":"product","link":"https:\/\/www.layerforged.com\/index.php\/producto\/goblins-esqueleticos-6-miniaturas-32mm\/","title":{"rendered":"Goblins esquel\u00e9ticos (6 miniaturas) (32mm)"},"content":{"rendered":"<p data-start=\"205\" data-end=\"641\">Una vez fueron goblins.<br data-start=\"228\" data-end=\"231\" \/>Ahora sus restos caminan de nuevo, despertados por susurros necr\u00f3ticos.<br data-start=\"302\" data-end=\"305\" \/>Los huesos traquetean, sujetos por tendones podridos, mientras se mueven en enjambres fren\u00e9ticos.<br data-start=\"402\" data-end=\"405\" \/>Caen hechos polvo y se reconstruyen a partir de los restos de sus propios hermanos.<br data-start=\"488\" data-end=\"491\" \/>Cada goblin esquel\u00e9tico que muere alimenta la creaci\u00f3n de una bestia amalgamada: el <strong data-start=\"575\" data-end=\"596\">T\u00f3tem Esquel\u00e9tico<\/strong>, un monumento vivo que nunca deja de crecer.<\/p>\n<p data-start=\"643\" data-end=\"696\"><strong data-start=\"643\" data-end=\"696\">Este pack incluye 6 miniaturas f\u00edsicas en resina ABS-Like:<\/strong><\/p>\n<ul data-start=\"698\" data-end=\"876\">\n<li data-start=\"698\" data-end=\"743\">\n<p data-start=\"700\" data-end=\"743\"><strong data-start=\"700\" data-end=\"724\">2\u00d7 Goblin con escudo<\/strong> \u2014 altura: 2,5 cm<\/p>\n<\/li>\n<li data-start=\"744\" data-end=\"789\">\n<p data-start=\"746\" data-end=\"789\"><strong data-start=\"746\" data-end=\"770\">2\u00d7 Goblin con espada<\/strong> \u2014 altura: 2,7 cm<\/p>\n<\/li>\n<li data-start=\"790\" data-end=\"832\">\n<p data-start=\"792\" data-end=\"832\"><strong data-start=\"792\" data-end=\"813\">1\u00d7 Capit\u00e1n goblin<\/strong> \u2014 altura: 3,5 cm<\/p>\n<\/li>\n<li data-start=\"833\" data-end=\"876\">\n<p data-start=\"835\" data-end=\"876\"><strong data-start=\"835\" data-end=\"859\">1\u00d7 T\u00f3tem esquel\u00e9tico<\/strong> \u2014 altura: 4,5 cm<\/p>\n<\/li>\n<\/ul>\n","protected":false},"excerpt":{"rendered":"<p>Una vez fueron goblins.Ahora sus restos caminan de nuevo, despertados por susurros necr\u00f3ticos.Los huesos traquetean, sujetos por tendones podridos, mientras se mueven en enjambres fren\u00e9ticos.Caen hechos polvo y se reconstruyen a partir de los restos de sus propios hermanos.Cada goblin esquel\u00e9tico que muere alimenta la creaci\u00f3n de una bestia amalgamada: el T\u00f3tem Esquel\u00e9tico, un monumento [&hellip;]<\/p>\n","protected":false},"featured_media":1357,"comment_status":"open","ping_status":"closed","template":"","meta":[],"product_cat":[30],"product_tag":[],"yoast_head":"<!-- This site is optimized with the Yoast SEO plugin v20.2.1 - https:\/\/yoast.com\/wordpress\/plugins\/seo\/ -->\n<title>Goblins esquel\u00e9ticos (6 miniaturas) (32mm) - Layerforged - Miniaturas 3d impresas en resina<\/title>\n<meta name=\"description\" content=\"goblins esquel\u00e9ticos (skeleton, skeletal goblins) para tus partidas de dnd, D&amp;D, Daggerheart, Heroquest\" \/>\n<meta name=\"robots\" content=\"index, follow, max-snippet:-1, max-image-preview:large, max-video-preview:-1\" \/>\n<link rel=\"canonical\" href=\"https:\/\/www.layerforged.com\/index.php\/producto\/goblins-esqueleticos-6-miniaturas-32mm\/\" \/>\n<meta property=\"og:locale\" content=\"es_ES\" \/>\n<meta property=\"og:type\" content=\"article\" \/>\n<meta property=\"og:title\" content=\"Goblins esquel\u00e9ticos (6 miniaturas) (32mm) - Layerforged - Miniaturas 3d impresas en resina\" \/>\n<meta property=\"og:description\" content=\"goblins esquel\u00e9ticos (skeleton, skeletal goblins) para tus partidas de dnd, D&amp;D, Daggerheart, Heroquest\" \/>\n<meta property=\"og:url\" content=\"https:\/\/www.layerforged.com\/index.php\/producto\/goblins-esqueleticos-6-miniaturas-32mm\/\" \/>\n<meta property=\"og:site_name\" content=\"Layerforged - Miniaturas 3d impresas en resina\" \/>\n<meta property=\"article:publisher\" content=\"https:\/\/www.facebook.com\/layerforged\" \/>\n<meta property=\"article:modified_time\" content=\"2026-04-18T13:41:37+00:00\" \/>\n<meta property=\"og:image\" content=\"https:\/\/www.layerforged.com\/wp-content\/uploads\/2025\/11\/1000212618-scaled.jpg\" \/>\n\t<meta property=\"og:image:width\" content=\"2560\" \/>\n\t<meta property=\"og:image:height\" content=\"2560\" \/>\n\t<meta property=\"og:image:type\" content=\"image\/jpeg\" \/>\n<meta name=\"twitter:card\" content=\"summary_large_image\" \/>\n<meta name=\"twitter:site\" content=\"@ForgedLayer\" \/>\n<meta name=\"twitter:label1\" content=\"Tiempo de lectura\" \/>\n\t<meta name=\"twitter:data1\" content=\"1 minuto\" \/>\n<script type=\"application\/ld+json\" class=\"yoast-schema-graph\">{\"@context\":\"https:\/\/schema.org\",\"@graph\":[{\"@type\":\"WebPage\",\"@id\":\"https:\/\/www.layerforged.com\/index.php\/producto\/goblins-esqueleticos-6-miniaturas-32mm\/\",\"url\":\"https:\/\/www.layerforged.com\/index.php\/producto\/goblins-esqueleticos-6-miniaturas-32mm\/\",\"name\":\"Goblins esquel\u00e9ticos (6 miniaturas) (32mm) - Layerforged - Miniaturas 3d impresas en resina\",\"isPartOf\":{\"@id\":\"https:\/\/www.layerforged.com\/#website\"},\"datePublished\":\"2025-11-13T12:33:25+00:00\",\"dateModified\":\"2026-04-18T13:41:37+00:00\",\"description\":\"goblins esquel\u00e9ticos (skeleton, skeletal goblins) para tus partidas de dnd, D&D, Daggerheart, Heroquest\",\"breadcrumb\":{\"@id\":\"https:\/\/www.layerforged.com\/index.php\/producto\/goblins-esqueleticos-6-miniaturas-32mm\/#breadcrumb\"},\"inLanguage\":\"es\",\"potentialAction\":[{\"@type\":\"ReadAction\",\"target\":[\"https:\/\/www.layerforged.com\/index.php\/producto\/goblins-esqueleticos-6-miniaturas-32mm\/\"]}]},{\"@type\":\"BreadcrumbList\",\"@id\":\"https:\/\/www.layerforged.com\/index.php\/producto\/goblins-esqueleticos-6-miniaturas-32mm\/#breadcrumb\",\"itemListElement\":[{\"@type\":\"ListItem\",\"position\":1,\"name\":\"Portada\",\"item\":\"https:\/\/www.layerforged.com\/\"},{\"@type\":\"ListItem\",\"position\":2,\"name\":\"Tienda\",\"item\":\"https:\/\/www.layerforged.com\/\"},{\"@type\":\"ListItem\",\"position\":3,\"name\":\"Goblins esquel\u00e9ticos (6 miniaturas) (32mm)\"}]},{\"@type\":\"WebSite\",\"@id\":\"https:\/\/www.layerforged.com\/#website\",\"url\":\"https:\/\/www.layerforged.com\/\",\"name\":\"Layerforged - Miniaturas 3d impresas en resina\",\"description\":\"Tienda de miniaturas para D&amp;D (Dungeons and Dragons), Pathfinder y otros juegos de fantas\u00eda.\",\"publisher\":{\"@id\":\"https:\/\/www.layerforged.com\/#organization\"},\"potentialAction\":[{\"@type\":\"SearchAction\",\"target\":{\"@type\":\"EntryPoint\",\"urlTemplate\":\"https:\/\/www.layerforged.com\/?s={search_term_string}\"},\"query-input\":\"required name=search_term_string\"}],\"inLanguage\":\"es\"},{\"@type\":\"Organization\",\"@id\":\"https:\/\/www.layerforged.com\/#organization\",\"name\":\"Layerforged - Miniaturas 3d impresas en resina\",\"url\":\"https:\/\/www.layerforged.com\/\",\"logo\":{\"@type\":\"ImageObject\",\"inLanguage\":\"es\",\"@id\":\"https:\/\/www.layerforged.com\/#\/schema\/logo\/image\/\",\"url\":\"https:\/\/www.layerforged.com\/wp-content\/uploads\/2022\/06\/cropped-logo-layer.jpg\",\"contentUrl\":\"https:\/\/www.layerforged.com\/wp-content\/uploads\/2022\/06\/cropped-logo-layer.jpg\",\"width\":1240,\"height\":653,\"caption\":\"Layerforged - Miniaturas 3d impresas en resina\"},\"image\":{\"@id\":\"https:\/\/www.layerforged.com\/#\/schema\/logo\/image\/\"},\"sameAs\":[\"https:\/\/www.facebook.com\/layerforged\",\"https:\/\/twitter.com\/ForgedLayer\",\"https:\/\/www.instagram.com\/layerforged\/\",\"https:\/\/www.tiktok.com\/@layerforged\"]}]}<\/script>\n<!-- \/ Yoast SEO plugin. -->","yoast_head_json":{"title":"Goblins esquel\u00e9ticos (6 miniaturas) (32mm) - Layerforged - Miniaturas 3d impresas en resina","description":"goblins esquel\u00e9ticos (skeleton, skeletal goblins) para tus partidas de dnd, D&D, Daggerheart, Heroquest","robots":{"index":"index","follow":"follow","max-snippet":"max-snippet:-1","max-image-preview":"max-image-preview:large","max-video-preview":"max-video-preview:-1"},"canonical":"https:\/\/www.layerforged.com\/index.php\/producto\/goblins-esqueleticos-6-miniaturas-32mm\/","og_locale":"es_ES","og_type":"article","og_title":"Goblins esquel\u00e9ticos (6 miniaturas) (32mm) - Layerforged - Miniaturas 3d impresas en resina","og_description":"goblins esquel\u00e9ticos (skeleton, skeletal goblins) para tus partidas de dnd, D&D, Daggerheart, Heroquest","og_url":"https:\/\/www.layerforged.com\/index.php\/producto\/goblins-esqueleticos-6-miniaturas-32mm\/","og_site_name":"Layerforged - Miniaturas 3d impresas en resina","article_publisher":"https:\/\/www.facebook.com\/layerforged","article_modified_time":"2026-04-18T13:41:37+00:00","og_image":[{"width":2560,"height":2560,"url":"https:\/\/www.layerforged.com\/wp-content\/uploads\/2025\/11\/1000212618-scaled.jpg","type":"image\/jpeg"}],"twitter_card":"summary_large_image","twitter_site":"@ForgedLayer","twitter_misc":{"Tiempo de lectura":"1 minuto"},"schema":{"@context":"https:\/\/schema.org","@graph":[{"@type":"WebPage","@id":"https:\/\/www.layerforged.com\/index.php\/producto\/goblins-esqueleticos-6-miniaturas-32mm\/","url":"https:\/\/www.layerforged.com\/index.php\/producto\/goblins-esqueleticos-6-miniaturas-32mm\/","name":"Goblins esquel\u00e9ticos (6 miniaturas) (32mm) - Layerforged - Miniaturas 3d impresas en resina","isPartOf":{"@id":"https:\/\/www.layerforged.com\/#website"},"datePublished":"2025-11-13T12:33:25+00:00","dateModified":"2026-04-18T13:41:37+00:00","description":"goblins esquel\u00e9ticos (skeleton, skeletal goblins) para tus partidas de dnd, D&D, Daggerheart, Heroquest","breadcrumb":{"@id":"https:\/\/www.layerforged.com\/index.php\/producto\/goblins-esqueleticos-6-miniaturas-32mm\/#breadcrumb"},"inLanguage":"es","potentialAction":[{"@type":"ReadAction","target":["https:\/\/www.layerforged.com\/index.php\/producto\/goblins-esqueleticos-6-miniaturas-32mm\/"]}]},{"@type":"BreadcrumbList","@id":"https:\/\/www.layerforged.com\/index.php\/producto\/goblins-esqueleticos-6-miniaturas-32mm\/#breadcrumb","itemListElement":[{"@type":"ListItem","position":1,"name":"Portada","item":"https:\/\/www.layerforged.com\/"},{"@type":"ListItem","position":2,"name":"Tienda","item":"https:\/\/www.layerforged.com\/"},{"@type":"ListItem","position":3,"name":"Goblins esquel\u00e9ticos (6 miniaturas) (32mm)"}]},{"@type":"WebSite","@id":"https:\/\/www.layerforged.com\/#website","url":"https:\/\/www.layerforged.com\/","name":"Layerforged - Miniaturas 3d impresas en resina","description":"Tienda de miniaturas para D&amp;D (Dungeons and Dragons), Pathfinder y otros juegos de fantas\u00eda.","publisher":{"@id":"https:\/\/www.layerforged.com\/#organization"},"potentialAction":[{"@type":"SearchAction","target":{"@type":"EntryPoint","urlTemplate":"https:\/\/www.layerforged.com\/?s={search_term_string}"},"query-input":"required name=search_term_string"}],"inLanguage":"es"},{"@type":"Organization","@id":"https:\/\/www.layerforged.com\/#organization","name":"Layerforged - Miniaturas 3d impresas en resina","url":"https:\/\/www.layerforged.com\/","logo":{"@type":"ImageObject","inLanguage":"es","@id":"https:\/\/www.layerforged.com\/#\/schema\/logo\/image\/","url":"https:\/\/www.layerforged.com\/wp-content\/uploads\/2022\/06\/cropped-logo-layer.jpg","contentUrl":"https:\/\/www.layerforged.com\/wp-content\/uploads\/2022\/06\/cropped-logo-layer.jpg","width":1240,"height":653,"caption":"Layerforged - Miniaturas 3d impresas en resina"},"image":{"@id":"https:\/\/www.layerforged.com\/#\/schema\/logo\/image\/"},"sameAs":["https:\/\/www.facebook.com\/layerforged","https:\/\/twitter.com\/ForgedLayer","https:\/\/www.instagram.com\/layerforged\/","https:\/\/www.tiktok.com\/@layerforged"]}]}},"_links":{"self":[{"href":"https:\/\/www.layerforged.com\/index.php\/wp-json\/wp\/v2\/product\/1356"}],"collection":[{"href":"https:\/\/www.layerforged.com\/index.php\/wp-json\/wp\/v2\/product"}],"about":[{"href":"https:\/\/www.layerforged.com\/index.php\/wp-json\/wp\/v2\/types\/product"}],"replies":[{"embeddable":true,"href":"https:\/\/www.layerforged.com\/index.php\/wp-json\/wp\/v2\/comments?post=1356"}],"wp:featuredmedia":[{"embeddable":true,"href":"https:\/\/www.layerforged.com\/index.php\/wp-json\/wp\/v2\/media\/1357"}],"wp:attachment":[{"href":"https:\/\/www.layerforged.com\/index.php\/wp-json\/wp\/v2\/media?parent=1356"}],"wp:term":[{"taxonomy":"product_cat","embeddable":true,"href":"https:\/\/www.layerforged.com\/index.php\/wp-json\/wp\/v2\/product_cat?post=1356"},{"taxonomy":"product_tag","embeddable":true,"href":"https:\/\/www.layerforged.com\/index.php\/wp-json\/wp\/v2\/product_tag?post=1356"}],"curies":[{"name":"wp","href":"https:\/\/api.w.org\/{rel}","templated":true}]}}