{"id":1313,"date":"2025-05-04T08:57:21","date_gmt":"2025-05-04T08:57:21","guid":{"rendered":"https:\/\/www.layerforged.com\/?post_type=product&#038;p=1313"},"modified":"2025-12-02T23:47:36","modified_gmt":"2025-12-02T23:47:36","slug":"minis-compatibles-con-el-mm-de-dungeons-and-dragons-fasciculo-abril-25","status":"publish","type":"product","link":"https:\/\/www.layerforged.com\/index.php\/producto\/minis-compatibles-con-el-mm-de-dungeons-and-dragons-fasciculo-abril-25\/","title":{"rendered":"Minis compatibles con el MM de Dungeons and Dragons: fasc\u00edculo Abril 25"},"content":{"rendered":"<h3 class=\"\" data-start=\"138\" data-end=\"209\">\ud83d\udcd8 \u00bfQuieres nuestro bestiario, pero no te gustan las suscripciones?<\/h3>\n<p class=\"\" data-start=\"211\" data-end=\"372\">\u00a1Vuelven los fasc\u00edculos f\u00edsicos de LayerForged!<br data-start=\"258\" data-end=\"261\" \/>\ud83c\udfb2 Miniaturas en resina de alta calidad<br data-start=\"300\" data-end=\"303\" \/>\ud83d\udce6 Sin Patreon, sin compromiso. \u00a1Solo lo que quieres, cuando quieres!<\/p>\n<p class=\"\" data-start=\"374\" data-end=\"490\">\ud83d\uddd3 Cada fasc\u00edculo sale un mes despu\u00e9s del pack exclusivo de Patreon<br data-start=\"441\" data-end=\"444\" \/>\ud83d\udcb8 M\u00e1s econ\u00f3mico que comprar las minis sueltas (Por separado: 20,90\u20ac)<\/p>\n<p class=\"\" data-start=\"492\" data-end=\"565\">\ud83d\udccd Abril 2025 (3 miniaturas)<br data-start=\"506\" data-end=\"509\" \/>\ud83d\udd25 <strong data-start=\"512\" data-end=\"526\">ArchHag<\/strong><br data-start=\"526\" data-end=\"529\" \/>\ud83d\udc80 <strong data-start=\"532\" data-end=\"563\">Bugbear Warrior + Bugbear Stalker<\/strong><\/p>\n<p>&nbsp;<\/p>\n<p>Bugbear Stalker:<br \/>\nAltura: 6,5 cm<br \/>\nBase: 1,7 cm<\/p>\n<p>Bugbear warrior:<br \/>\nAltura: 5,1 cm<br \/>\nBase: 2,8 cm<\/p>\n<p>Altura: 6,5 cm<br \/>\nBase: 3,4 cm<br \/>\nMaterial: Resina ABS-Like* gris.<\/p>\n<p>*Los tonos de gris de la resina pueden variar respecto a la imagen del producto dependiendo de la marca de la resina, pero siempre se imprime la miniatura maciza, con resina ABS-Like de la m\u00e1s alta calidad.<br \/>\n**Puede requerir una m\u00ednima limpieza y alg\u00fan peque\u00f1o acabado.<br \/>\n***El dado no est\u00e1 incluido, se utiliza s\u00f3lo para referencia de tama\u00f1o.<\/p>\n<p class=\"\" data-start=\"492\" data-end=\"565\"><strong data-start=\"532\" data-end=\"563\">\u00a0<\/strong><\/p>\n<p class=\"\" data-start=\"567\" data-end=\"626\">Ya disponible en <a class=\"\" href=\"https:\/\/layerforged.com\" target=\"_new\" rel=\"noopener\" data-start=\"584\" data-end=\"626\">layerforged.com<\/a><\/p>\n","protected":false},"excerpt":{"rendered":"<h3 class=\"\" data-start=\"138\" data-end=\"209\">\ud83d\udcd8 \u00bfQuieres nuestro bestiario, pero no te gustan las suscripciones?<\/h3>\n<p class=\"\" data-start=\"211\" data-end=\"372\">\u00a1Vuelven los fasc\u00edculos f\u00edsicos de LayerForged!<br data-start=\"258\" data-end=\"261\" \/>\ud83c\udfb2 Miniaturas en resina de alta calidad<br data-start=\"300\" data-end=\"303\" \/>\ud83d\udce6 Sin Patreon, sin compromiso. \u00a1Solo lo que quieres, cuando quieres!<\/p>\n<p class=\"\" data-start=\"374\" data-end=\"490\">\ud83d\uddd3 Cada fasc\u00edculo sale un mes despu\u00e9s del pack exclusivo de Patreon<br data-start=\"441\" data-end=\"444\" \/>\ud83d\udcb8 M\u00e1s econ\u00f3mico que comprar las minis sueltas (Por separado: 20,90\u20ac)<\/p>\n<p class=\"\" data-start=\"492\" data-end=\"565\">\ud83d\udccd Abril 2025 (3 miniaturas)<br data-start=\"506\" data-end=\"509\" \/>\ud83d\udd25 <strong data-start=\"512\" data-end=\"526\">ArchHag<\/strong><br data-start=\"526\" data-end=\"529\" \/>\ud83d\udc80 <strong data-start=\"532\" data-end=\"563\">Bugbear Warrior + Bugbear Stalker<\/strong><\/p>\n<p>&nbsp;<\/p>\n<p>Bugbear Stalker:<br \/>\nAltura: 6,5 cm<br \/>\nBase: 1,7 cm<\/p>\n<p>Bugbear warrior:<br \/>\nAltura: 5,1 cm<br \/>\nBase: 2,8 cm<\/p>\n<p>Altura: 6,5 cm<br \/>\nBase: 3,4 cm<br \/>\nMaterial: Resina ABS-Like* gris.<\/p>\n<p>*Los tonos de gris de la resina pueden variar respecto a la imagen del producto dependiendo de la marca de la resina, pero siempre se imprime la miniatura maciza, con resina ABS-Like de la m\u00e1s alta calidad.<br \/>\n**Puede requerir una m\u00ednima limpieza y alg\u00fan peque\u00f1o acabado.<br \/>\n***El dado no est\u00e1 incluido, se utiliza s\u00f3lo para referencia de tama\u00f1o.<\/p>\n<p class=\"\" data-start=\"492\" data-end=\"565\"><strong data-start=\"532\" data-end=\"563\">\u00a0<\/strong><\/p>\n<p class=\"\" data-start=\"567\" data-end=\"626\">Ya disponible en <a class=\"\" href=\"https:\/\/layerforged.com\" target=\"_new\" rel=\"noopener\" data-start=\"584\" data-end=\"626\">layerforged.com<\/a><\/p>\n","protected":false},"featured_media":1314,"comment_status":"open","ping_status":"closed","template":"","meta":[],"product_cat":[21,30],"product_tag":[],"yoast_head":"<!-- This site is optimized with the Yoast SEO plugin v20.2.1 - https:\/\/yoast.com\/wordpress\/plugins\/seo\/ -->\n<title>Minis compatibles con el MM de Dungeons and Dragons: fasc\u00edculo Abril 25 - Layerforged - Miniaturas 3d impresas en resina<\/title>\n<meta name=\"description\" content=\"Miniaturas compatibles con el nuesvo Monster Manual de Dungeons and Dragons (Dnd), Pathfinder, Heroquest y otros juegos de rol o de mesa similares.\" \/>\n<meta name=\"robots\" content=\"index, follow, max-snippet:-1, max-image-preview:large, max-video-preview:-1\" \/>\n<link rel=\"canonical\" href=\"https:\/\/www.layerforged.com\/index.php\/producto\/minis-compatibles-con-el-mm-de-dungeons-and-dragons-fasciculo-abril-25\/\" \/>\n<meta property=\"og:locale\" content=\"es_ES\" \/>\n<meta property=\"og:type\" content=\"article\" \/>\n<meta property=\"og:title\" content=\"Minis compatibles con el MM de Dungeons and Dragons: fasc\u00edculo Abril 25 - Layerforged - Miniaturas 3d impresas en resina\" \/>\n<meta property=\"og:description\" content=\"Miniaturas compatibles con el nuesvo Monster Manual de Dungeons and Dragons (Dnd), Pathfinder, Heroquest y otros juegos de rol o de mesa similares.\" \/>\n<meta property=\"og:url\" content=\"https:\/\/www.layerforged.com\/index.php\/producto\/minis-compatibles-con-el-mm-de-dungeons-and-dragons-fasciculo-abril-25\/\" \/>\n<meta property=\"og:site_name\" content=\"Layerforged - Miniaturas 3d impresas en resina\" \/>\n<meta property=\"article:publisher\" content=\"https:\/\/www.facebook.com\/layerforged\" \/>\n<meta property=\"article:modified_time\" content=\"2025-12-02T23:47:36+00:00\" \/>\n<meta property=\"og:image\" content=\"https:\/\/www.layerforged.com\/wp-content\/uploads\/2025\/05\/bestiario-abril-2025-scaled-1-scaled.jpg\" \/>\n\t<meta property=\"og:image:width\" content=\"2560\" \/>\n\t<meta property=\"og:image:height\" content=\"2560\" \/>\n\t<meta property=\"og:image:type\" content=\"image\/jpeg\" \/>\n<meta name=\"twitter:card\" content=\"summary_large_image\" \/>\n<meta name=\"twitter:site\" content=\"@ForgedLayer\" \/>\n<meta name=\"twitter:label1\" content=\"Tiempo de lectura\" \/>\n\t<meta name=\"twitter:data1\" content=\"1 minuto\" \/>\n<script type=\"application\/ld+json\" class=\"yoast-schema-graph\">{\"@context\":\"https:\/\/schema.org\",\"@graph\":[{\"@type\":\"WebPage\",\"@id\":\"https:\/\/www.layerforged.com\/index.php\/producto\/minis-compatibles-con-el-mm-de-dungeons-and-dragons-fasciculo-abril-25\/\",\"url\":\"https:\/\/www.layerforged.com\/index.php\/producto\/minis-compatibles-con-el-mm-de-dungeons-and-dragons-fasciculo-abril-25\/\",\"name\":\"Minis compatibles con el MM de Dungeons and Dragons: fasc\u00edculo Abril 25 - Layerforged - Miniaturas 3d impresas en resina\",\"isPartOf\":{\"@id\":\"https:\/\/www.layerforged.com\/#website\"},\"datePublished\":\"2025-05-04T08:57:21+00:00\",\"dateModified\":\"2025-12-02T23:47:36+00:00\",\"description\":\"Miniaturas compatibles con el nuesvo Monster Manual de Dungeons and Dragons (Dnd), Pathfinder, Heroquest y otros juegos de rol o de mesa similares.\",\"breadcrumb\":{\"@id\":\"https:\/\/www.layerforged.com\/index.php\/producto\/minis-compatibles-con-el-mm-de-dungeons-and-dragons-fasciculo-abril-25\/#breadcrumb\"},\"inLanguage\":\"es\",\"potentialAction\":[{\"@type\":\"ReadAction\",\"target\":[\"https:\/\/www.layerforged.com\/index.php\/producto\/minis-compatibles-con-el-mm-de-dungeons-and-dragons-fasciculo-abril-25\/\"]}]},{\"@type\":\"BreadcrumbList\",\"@id\":\"https:\/\/www.layerforged.com\/index.php\/producto\/minis-compatibles-con-el-mm-de-dungeons-and-dragons-fasciculo-abril-25\/#breadcrumb\",\"itemListElement\":[{\"@type\":\"ListItem\",\"position\":1,\"name\":\"Portada\",\"item\":\"https:\/\/www.layerforged.com\/\"},{\"@type\":\"ListItem\",\"position\":2,\"name\":\"Tienda\",\"item\":\"https:\/\/www.layerforged.com\/\"},{\"@type\":\"ListItem\",\"position\":3,\"name\":\"Minis compatibles con el MM de Dungeons and Dragons: fasc\u00edculo Abril 25\"}]},{\"@type\":\"WebSite\",\"@id\":\"https:\/\/www.layerforged.com\/#website\",\"url\":\"https:\/\/www.layerforged.com\/\",\"name\":\"Layerforged - Miniaturas 3d impresas en resina\",\"description\":\"Tienda de miniaturas para D&amp;D (Dungeons and Dragons), Pathfinder y otros juegos de fantas\u00eda.\",\"publisher\":{\"@id\":\"https:\/\/www.layerforged.com\/#organization\"},\"potentialAction\":[{\"@type\":\"SearchAction\",\"target\":{\"@type\":\"EntryPoint\",\"urlTemplate\":\"https:\/\/www.layerforged.com\/?s={search_term_string}\"},\"query-input\":\"required name=search_term_string\"}],\"inLanguage\":\"es\"},{\"@type\":\"Organization\",\"@id\":\"https:\/\/www.layerforged.com\/#organization\",\"name\":\"Layerforged - Miniaturas 3d impresas en resina\",\"url\":\"https:\/\/www.layerforged.com\/\",\"logo\":{\"@type\":\"ImageObject\",\"inLanguage\":\"es\",\"@id\":\"https:\/\/www.layerforged.com\/#\/schema\/logo\/image\/\",\"url\":\"https:\/\/www.layerforged.com\/wp-content\/uploads\/2022\/06\/cropped-logo-layer.jpg\",\"contentUrl\":\"https:\/\/www.layerforged.com\/wp-content\/uploads\/2022\/06\/cropped-logo-layer.jpg\",\"width\":1240,\"height\":653,\"caption\":\"Layerforged - Miniaturas 3d impresas en resina\"},\"image\":{\"@id\":\"https:\/\/www.layerforged.com\/#\/schema\/logo\/image\/\"},\"sameAs\":[\"https:\/\/www.facebook.com\/layerforged\",\"https:\/\/twitter.com\/ForgedLayer\",\"https:\/\/www.instagram.com\/layerforged\/\",\"https:\/\/www.tiktok.com\/@layerforged\"]}]}<\/script>\n<!-- \/ Yoast SEO plugin. -->","yoast_head_json":{"title":"Minis compatibles con el MM de Dungeons and Dragons: fasc\u00edculo Abril 25 - Layerforged - Miniaturas 3d impresas en resina","description":"Miniaturas compatibles con el nuesvo Monster Manual de Dungeons and Dragons (Dnd), Pathfinder, Heroquest y otros juegos de rol o de mesa similares.","robots":{"index":"index","follow":"follow","max-snippet":"max-snippet:-1","max-image-preview":"max-image-preview:large","max-video-preview":"max-video-preview:-1"},"canonical":"https:\/\/www.layerforged.com\/index.php\/producto\/minis-compatibles-con-el-mm-de-dungeons-and-dragons-fasciculo-abril-25\/","og_locale":"es_ES","og_type":"article","og_title":"Minis compatibles con el MM de Dungeons and Dragons: fasc\u00edculo Abril 25 - Layerforged - Miniaturas 3d impresas en resina","og_description":"Miniaturas compatibles con el nuesvo Monster Manual de Dungeons and Dragons (Dnd), Pathfinder, Heroquest y otros juegos de rol o de mesa similares.","og_url":"https:\/\/www.layerforged.com\/index.php\/producto\/minis-compatibles-con-el-mm-de-dungeons-and-dragons-fasciculo-abril-25\/","og_site_name":"Layerforged - Miniaturas 3d impresas en resina","article_publisher":"https:\/\/www.facebook.com\/layerforged","article_modified_time":"2025-12-02T23:47:36+00:00","og_image":[{"width":2560,"height":2560,"url":"https:\/\/www.layerforged.com\/wp-content\/uploads\/2025\/05\/bestiario-abril-2025-scaled-1-scaled.jpg","type":"image\/jpeg"}],"twitter_card":"summary_large_image","twitter_site":"@ForgedLayer","twitter_misc":{"Tiempo de lectura":"1 minuto"},"schema":{"@context":"https:\/\/schema.org","@graph":[{"@type":"WebPage","@id":"https:\/\/www.layerforged.com\/index.php\/producto\/minis-compatibles-con-el-mm-de-dungeons-and-dragons-fasciculo-abril-25\/","url":"https:\/\/www.layerforged.com\/index.php\/producto\/minis-compatibles-con-el-mm-de-dungeons-and-dragons-fasciculo-abril-25\/","name":"Minis compatibles con el MM de Dungeons and Dragons: fasc\u00edculo Abril 25 - Layerforged - Miniaturas 3d impresas en resina","isPartOf":{"@id":"https:\/\/www.layerforged.com\/#website"},"datePublished":"2025-05-04T08:57:21+00:00","dateModified":"2025-12-02T23:47:36+00:00","description":"Miniaturas compatibles con el nuesvo Monster Manual de Dungeons and Dragons (Dnd), Pathfinder, Heroquest y otros juegos de rol o de mesa similares.","breadcrumb":{"@id":"https:\/\/www.layerforged.com\/index.php\/producto\/minis-compatibles-con-el-mm-de-dungeons-and-dragons-fasciculo-abril-25\/#breadcrumb"},"inLanguage":"es","potentialAction":[{"@type":"ReadAction","target":["https:\/\/www.layerforged.com\/index.php\/producto\/minis-compatibles-con-el-mm-de-dungeons-and-dragons-fasciculo-abril-25\/"]}]},{"@type":"BreadcrumbList","@id":"https:\/\/www.layerforged.com\/index.php\/producto\/minis-compatibles-con-el-mm-de-dungeons-and-dragons-fasciculo-abril-25\/#breadcrumb","itemListElement":[{"@type":"ListItem","position":1,"name":"Portada","item":"https:\/\/www.layerforged.com\/"},{"@type":"ListItem","position":2,"name":"Tienda","item":"https:\/\/www.layerforged.com\/"},{"@type":"ListItem","position":3,"name":"Minis compatibles con el MM de Dungeons and Dragons: fasc\u00edculo Abril 25"}]},{"@type":"WebSite","@id":"https:\/\/www.layerforged.com\/#website","url":"https:\/\/www.layerforged.com\/","name":"Layerforged - Miniaturas 3d impresas en resina","description":"Tienda de miniaturas para D&amp;D (Dungeons and Dragons), Pathfinder y otros juegos de fantas\u00eda.","publisher":{"@id":"https:\/\/www.layerforged.com\/#organization"},"potentialAction":[{"@type":"SearchAction","target":{"@type":"EntryPoint","urlTemplate":"https:\/\/www.layerforged.com\/?s={search_term_string}"},"query-input":"required name=search_term_string"}],"inLanguage":"es"},{"@type":"Organization","@id":"https:\/\/www.layerforged.com\/#organization","name":"Layerforged - Miniaturas 3d impresas en resina","url":"https:\/\/www.layerforged.com\/","logo":{"@type":"ImageObject","inLanguage":"es","@id":"https:\/\/www.layerforged.com\/#\/schema\/logo\/image\/","url":"https:\/\/www.layerforged.com\/wp-content\/uploads\/2022\/06\/cropped-logo-layer.jpg","contentUrl":"https:\/\/www.layerforged.com\/wp-content\/uploads\/2022\/06\/cropped-logo-layer.jpg","width":1240,"height":653,"caption":"Layerforged - Miniaturas 3d impresas en resina"},"image":{"@id":"https:\/\/www.layerforged.com\/#\/schema\/logo\/image\/"},"sameAs":["https:\/\/www.facebook.com\/layerforged","https:\/\/twitter.com\/ForgedLayer","https:\/\/www.instagram.com\/layerforged\/","https:\/\/www.tiktok.com\/@layerforged"]}]}},"_links":{"self":[{"href":"https:\/\/www.layerforged.com\/index.php\/wp-json\/wp\/v2\/product\/1313"}],"collection":[{"href":"https:\/\/www.layerforged.com\/index.php\/wp-json\/wp\/v2\/product"}],"about":[{"href":"https:\/\/www.layerforged.com\/index.php\/wp-json\/wp\/v2\/types\/product"}],"replies":[{"embeddable":true,"href":"https:\/\/www.layerforged.com\/index.php\/wp-json\/wp\/v2\/comments?post=1313"}],"wp:featuredmedia":[{"embeddable":true,"href":"https:\/\/www.layerforged.com\/index.php\/wp-json\/wp\/v2\/media\/1314"}],"wp:attachment":[{"href":"https:\/\/www.layerforged.com\/index.php\/wp-json\/wp\/v2\/media?parent=1313"}],"wp:term":[{"taxonomy":"product_cat","embeddable":true,"href":"https:\/\/www.layerforged.com\/index.php\/wp-json\/wp\/v2\/product_cat?post=1313"},{"taxonomy":"product_tag","embeddable":true,"href":"https:\/\/www.layerforged.com\/index.php\/wp-json\/wp\/v2\/product_tag?post=1313"}],"curies":[{"name":"wp","href":"https:\/\/api.w.org\/{rel}","templated":true}]}}